{"id":3075,"date":"2020-02-06T10:26:22","date_gmt":"2020-02-06T10:26:22","guid":{"rendered":"https:\/\/botex.net\/shop\/?post_type=product&#038;p=3075"},"modified":"2021-09-17T10:30:03","modified_gmt":"2021-09-17T10:30:03","slug":"coreyarn-60-2-10000m","status":"publish","type":"product","link":"https:\/\/botex.net\/shop\/hilo\/coreyarn-60-2-10000m\/","title":{"rendered":"Hilo Poli\u00e9ster Alg. 60\/2 &#8211; 10.000m"},"content":{"rendered":"<table class=\"tabladescripcio\">\n<tbody>\n<tr>\n<td class=\"celdadescripcio\">Descripci\u00f3n<\/td>\n<td class=\"celdadescripcionumero\">Hilo Tipo Poli\u00e9ster Algod\u00f3n, recubierto con proceso algodonero.<br \/>\nPrimera calidad hilo de coser.<br \/>\nM\u00e1xima resistencia y m\u00ednima fricci\u00f3n.<\/td>\n<\/tr>\n<tr>\n<td class=\"celdadescripcio\">Usos<\/td>\n<td class=\"celdadescripcionumero\">Tejidos delgados, ba\u00f1os, corseteria, chaqueta, traje, pantal\u00f3n, camisas, blusas, pijamas, ropa trabajo. Canilla en pantal\u00f3n, traje, falda, ropa trabajo, g\u00e9nero de punto, etc&#8230;<\/td>\n<\/tr>\n<tr>\n<td class=\"celdadescripcio\">Longitud<\/td>\n<td class=\"celdadescripcionumero\">10.000 m<\/td>\n<\/tr>\n<tr>\n<td class=\"celdadescripcio\">Grosor<\/td>\n<td class=\"celdadescripcionumero\">Nm 60\/2 &#8211; TK 90 &#8211; m\/kg 30.000 &#8211; Dtex 333<\/td>\n<\/tr>\n<tr>\n<td class=\"celdadescripcio\">Agujas<\/td>\n<td class=\"celdadescripcionumero\">70 a 80<\/td>\n<\/tr>\n<\/tbody>\n<\/table>\n","protected":false},"excerpt":{"rendered":"<p>Descuentos por cantidad<\/p>\n<table class=\"tabladescompte\">\n<tr class=\"celdadescompte\">\n<td class=\"celdadescompte\">Unidades <sup>por color<\/sup><\/td>\n<td class=\"celdadescompte\">% Ahorro<\/td>\n<\/tr>\n<tr>\n<td class=\"celdadescomptenumero\">de 6 a 31<\/td>\n<td class=\"celdadescomptenumero\">14 %<\/td>\n<\/tr>\n<tr>\n<td class=\"celdadescomptenumero\">32 o m\u00e1s<\/td>\n<td class=\"celdadescomptenumero\">32 %<\/td>\n<\/tr>\n<\/table>\n","protected":false},"featured_media":3338,"template":"","meta":[],"product_cat":[48],"product_tag":[1939,1941,1925,1949,1929,1927],"yoast_head":"<!-- This site is optimized with the Yoast SEO plugin v22.3 - https:\/\/yoast.com\/wordpress\/plugins\/seo\/ -->\n<title>Hilo Poli\u00e9ster Alg. 60\/2 - 10.000m | Botex.net | Tienda online de hilos de coser<\/title>\n<meta name=\"robots\" content=\"index, follow, max-snippet:-1, max-image-preview:large, max-video-preview:-1\" \/>\n<link rel=\"canonical\" href=\"https:\/\/botex.net\/shop\/hilo\/coreyarn-60-2-10000m\/\" \/>\n<meta property=\"og:locale\" content=\"es_ES\" \/>\n<meta property=\"og:type\" content=\"article\" \/>\n<meta property=\"og:title\" content=\"Hilo Poli\u00e9ster Alg. 60\/2 - 10.000m | Botex.net | Tienda online de hilos de coser\" \/>\n<meta property=\"og:description\" content=\"Descuentos por cantidad      Unidades por color   % Ahorro      de 6 a 31   14 %       32 o m\u00e1s   32 %\" \/>\n<meta property=\"og:url\" content=\"https:\/\/botex.net\/shop\/hilo\/coreyarn-60-2-10000m\/\" \/>\n<meta property=\"og:site_name\" content=\"Botex.net | Tienda online de hilos de coser\" \/>\n<meta property=\"article:publisher\" content=\"https:\/\/www.facebook.com\/botex.hilos.coser\/\" \/>\n<meta property=\"article:modified_time\" content=\"2021-09-17T10:30:03+00:00\" \/>\n<meta property=\"og:image\" content=\"https:\/\/botex.net\/shop\/wp-content\/uploads\/hilo-poliester-algodon-60-2-10000m.jpg\" \/>\n\t<meta property=\"og:image:width\" content=\"800\" \/>\n\t<meta property=\"og:image:height\" content=\"800\" \/>\n\t<meta property=\"og:image:type\" content=\"image\/jpeg\" \/>\n<meta name=\"twitter:card\" content=\"summary_large_image\" \/>\n<script type=\"application\/ld+json\" class=\"yoast-schema-graph\">{\"@context\":\"https:\/\/schema.org\",\"@graph\":[{\"@type\":\"WebPage\",\"@id\":\"https:\/\/botex.net\/shop\/hilo\/coreyarn-60-2-10000m\/\",\"url\":\"https:\/\/botex.net\/shop\/hilo\/coreyarn-60-2-10000m\/\",\"name\":\"Hilo Poli\u00e9ster Alg. 60\/2 - 10.000m | Botex.net | Tienda online de hilos de coser\",\"isPartOf\":{\"@id\":\"https:\/\/botex.net\/shop\/#website\"},\"primaryImageOfPage\":{\"@id\":\"https:\/\/botex.net\/shop\/hilo\/coreyarn-60-2-10000m\/#primaryimage\"},\"image\":{\"@id\":\"https:\/\/botex.net\/shop\/hilo\/coreyarn-60-2-10000m\/#primaryimage\"},\"thumbnailUrl\":\"https:\/\/botex.net\/shop\/wp-content\/uploads\/hilo-poliester-algodon-60-2-10000m.jpg\",\"datePublished\":\"2020-02-06T10:26:22+00:00\",\"dateModified\":\"2021-09-17T10:30:03+00:00\",\"breadcrumb\":{\"@id\":\"https:\/\/botex.net\/shop\/hilo\/coreyarn-60-2-10000m\/#breadcrumb\"},\"inLanguage\":\"es\",\"potentialAction\":[{\"@type\":\"ReadAction\",\"target\":[\"https:\/\/botex.net\/shop\/hilo\/coreyarn-60-2-10000m\/\"]}]},{\"@type\":\"ImageObject\",\"inLanguage\":\"es\",\"@id\":\"https:\/\/botex.net\/shop\/hilo\/coreyarn-60-2-10000m\/#primaryimage\",\"url\":\"https:\/\/botex.net\/shop\/wp-content\/uploads\/hilo-poliester-algodon-60-2-10000m.jpg\",\"contentUrl\":\"https:\/\/botex.net\/shop\/wp-content\/uploads\/hilo-poliester-algodon-60-2-10000m.jpg\",\"width\":800,\"height\":800,\"caption\":\"hilo poliester algodon 60-2 10.000m\"},{\"@type\":\"BreadcrumbList\",\"@id\":\"https:\/\/botex.net\/shop\/hilo\/coreyarn-60-2-10000m\/#breadcrumb\",\"itemListElement\":[{\"@type\":\"ListItem\",\"position\":1,\"name\":\"Portada\",\"item\":\"https:\/\/botex.net\/shop\/\"},{\"@type\":\"ListItem\",\"position\":2,\"name\":\"Tienda\",\"item\":\"https:\/\/botex.net\/shop\/tienda\/\"},{\"@type\":\"ListItem\",\"position\":3,\"name\":\"Hilo Poli\u00e9ster Alg. 60\/2 &#8211; 10.000m\"}]},{\"@type\":\"WebSite\",\"@id\":\"https:\/\/botex.net\/shop\/#website\",\"url\":\"https:\/\/botex.net\/shop\/\",\"name\":\"Botex | Tienda de hilos para coser\",\"description\":\"Encuentra los mejores hilos para tus proyectos de costura\",\"publisher\":{\"@id\":\"https:\/\/botex.net\/shop\/#organization\"},\"potentialAction\":[{\"@type\":\"SearchAction\",\"target\":{\"@type\":\"EntryPoint\",\"urlTemplate\":\"https:\/\/botex.net\/shop\/?s={search_term_string}\"},\"query-input\":\"required name=search_term_string\"}],\"inLanguage\":\"es\"},{\"@type\":\"Organization\",\"@id\":\"https:\/\/botex.net\/shop\/#organization\",\"name\":\"Botex | Tienda de hilos para coser\",\"url\":\"https:\/\/botex.net\/shop\/\",\"logo\":{\"@type\":\"ImageObject\",\"inLanguage\":\"es\",\"@id\":\"https:\/\/botex.net\/shop\/#\/schema\/logo\/image\/\",\"url\":\"https:\/\/botex.net\/shop\/wp-content\/uploads\/2020\/01\/botex.png\",\"contentUrl\":\"https:\/\/botex.net\/shop\/wp-content\/uploads\/2020\/01\/botex.png\",\"width\":260,\"height\":88,\"caption\":\"Botex | Tienda de hilos para coser\"},\"image\":{\"@id\":\"https:\/\/botex.net\/shop\/#\/schema\/logo\/image\/\"},\"sameAs\":[\"https:\/\/www.facebook.com\/botex.hilos.coser\/\"]}]}<\/script>\n<!-- \/ Yoast SEO plugin. -->","yoast_head_json":{"title":"Hilo Poli\u00e9ster Alg. 60\/2 - 10.000m | Botex.net | Tienda online de hilos de coser","robots":{"index":"index","follow":"follow","max-snippet":"max-snippet:-1","max-image-preview":"max-image-preview:large","max-video-preview":"max-video-preview:-1"},"canonical":"https:\/\/botex.net\/shop\/hilo\/coreyarn-60-2-10000m\/","og_locale":"es_ES","og_type":"article","og_title":"Hilo Poli\u00e9ster Alg. 60\/2 - 10.000m | Botex.net | Tienda online de hilos de coser","og_description":"Descuentos por cantidad      Unidades por color   % Ahorro      de 6 a 31   14 %       32 o m\u00e1s   32 %","og_url":"https:\/\/botex.net\/shop\/hilo\/coreyarn-60-2-10000m\/","og_site_name":"Botex.net | Tienda online de hilos de coser","article_publisher":"https:\/\/www.facebook.com\/botex.hilos.coser\/","article_modified_time":"2021-09-17T10:30:03+00:00","og_image":[{"width":800,"height":800,"url":"https:\/\/botex.net\/shop\/wp-content\/uploads\/hilo-poliester-algodon-60-2-10000m.jpg","type":"image\/jpeg"}],"twitter_card":"summary_large_image","schema":{"@context":"https:\/\/schema.org","@graph":[{"@type":"WebPage","@id":"https:\/\/botex.net\/shop\/hilo\/coreyarn-60-2-10000m\/","url":"https:\/\/botex.net\/shop\/hilo\/coreyarn-60-2-10000m\/","name":"Hilo Poli\u00e9ster Alg. 60\/2 - 10.000m | Botex.net | Tienda online de hilos de coser","isPartOf":{"@id":"https:\/\/botex.net\/shop\/#website"},"primaryImageOfPage":{"@id":"https:\/\/botex.net\/shop\/hilo\/coreyarn-60-2-10000m\/#primaryimage"},"image":{"@id":"https:\/\/botex.net\/shop\/hilo\/coreyarn-60-2-10000m\/#primaryimage"},"thumbnailUrl":"https:\/\/botex.net\/shop\/wp-content\/uploads\/hilo-poliester-algodon-60-2-10000m.jpg","datePublished":"2020-02-06T10:26:22+00:00","dateModified":"2021-09-17T10:30:03+00:00","breadcrumb":{"@id":"https:\/\/botex.net\/shop\/hilo\/coreyarn-60-2-10000m\/#breadcrumb"},"inLanguage":"es","potentialAction":[{"@type":"ReadAction","target":["https:\/\/botex.net\/shop\/hilo\/coreyarn-60-2-10000m\/"]}]},{"@type":"ImageObject","inLanguage":"es","@id":"https:\/\/botex.net\/shop\/hilo\/coreyarn-60-2-10000m\/#primaryimage","url":"https:\/\/botex.net\/shop\/wp-content\/uploads\/hilo-poliester-algodon-60-2-10000m.jpg","contentUrl":"https:\/\/botex.net\/shop\/wp-content\/uploads\/hilo-poliester-algodon-60-2-10000m.jpg","width":800,"height":800,"caption":"hilo poliester algodon 60-2 10.000m"},{"@type":"BreadcrumbList","@id":"https:\/\/botex.net\/shop\/hilo\/coreyarn-60-2-10000m\/#breadcrumb","itemListElement":[{"@type":"ListItem","position":1,"name":"Portada","item":"https:\/\/botex.net\/shop\/"},{"@type":"ListItem","position":2,"name":"Tienda","item":"https:\/\/botex.net\/shop\/tienda\/"},{"@type":"ListItem","position":3,"name":"Hilo Poli\u00e9ster Alg. 60\/2 &#8211; 10.000m"}]},{"@type":"WebSite","@id":"https:\/\/botex.net\/shop\/#website","url":"https:\/\/botex.net\/shop\/","name":"Botex | Tienda de hilos para coser","description":"Encuentra los mejores hilos para tus proyectos de costura","publisher":{"@id":"https:\/\/botex.net\/shop\/#organization"},"potentialAction":[{"@type":"SearchAction","target":{"@type":"EntryPoint","urlTemplate":"https:\/\/botex.net\/shop\/?s={search_term_string}"},"query-input":"required name=search_term_string"}],"inLanguage":"es"},{"@type":"Organization","@id":"https:\/\/botex.net\/shop\/#organization","name":"Botex | Tienda de hilos para coser","url":"https:\/\/botex.net\/shop\/","logo":{"@type":"ImageObject","inLanguage":"es","@id":"https:\/\/botex.net\/shop\/#\/schema\/logo\/image\/","url":"https:\/\/botex.net\/shop\/wp-content\/uploads\/2020\/01\/botex.png","contentUrl":"https:\/\/botex.net\/shop\/wp-content\/uploads\/2020\/01\/botex.png","width":260,"height":88,"caption":"Botex | Tienda de hilos para coser"},"image":{"@id":"https:\/\/botex.net\/shop\/#\/schema\/logo\/image\/"},"sameAs":["https:\/\/www.facebook.com\/botex.hilos.coser\/"]}]}},"lang":"es","translations":{"es":3075},"pll_sync_post":[],"_links":{"self":[{"href":"https:\/\/botex.net\/shop\/wp-json\/wp\/v2\/product\/3075"}],"collection":[{"href":"https:\/\/botex.net\/shop\/wp-json\/wp\/v2\/product"}],"about":[{"href":"https:\/\/botex.net\/shop\/wp-json\/wp\/v2\/types\/product"}],"wp:featuredmedia":[{"embeddable":true,"href":"https:\/\/botex.net\/shop\/wp-json\/wp\/v2\/media\/3338"}],"wp:attachment":[{"href":"https:\/\/botex.net\/shop\/wp-json\/wp\/v2\/media?parent=3075"}],"wp:term":[{"taxonomy":"product_cat","embeddable":true,"href":"https:\/\/botex.net\/shop\/wp-json\/wp\/v2\/product_cat?post=3075"},{"taxonomy":"product_tag","embeddable":true,"href":"https:\/\/botex.net\/shop\/wp-json\/wp\/v2\/product_tag?post=3075"}],"curies":[{"name":"wp","href":"https:\/\/api.w.org\/{rel}","templated":true}]}}